{"id":2504,"date":"2024-01-09T11:54:03","date_gmt":"2024-01-09T17:54:03","guid":{"rendered":"https:\/\/vigilanciaysalud.org\/?page_id=2504"},"modified":"2024-01-10T11:13:12","modified_gmt":"2024-01-10T17:13:12","slug":"objetivos-de-la-redc-salud-guatemala","status":"publish","type":"page","link":"https:\/\/redcsalud.org.gt\/en\/objetivos-de-la-redc-salud-guatemala\/","title":{"rendered":"Objectives the CDIR Health-Guatemala"},"content":{"rendered":"<div data-elementor-type=\"wp-page\" data-elementor-id=\"2504\" class=\"elementor elementor-2504\">\n\t\t\t\t\t\t<div class=\"elementor-inner\">\n\t\t\t\t<div class=\"elementor-section-wrap\">\n\t\t\t\t\t\t\t<div class=\"elementor-element elementor-element-9ee5419 e-flex e-con-boxed e-con e-parent\" data-id=\"9ee5419\" data-element_type=\"container\" data-settings=\"{&quot;content_width&quot;:&quot;boxed&quot;}\" data-core-v316-plus=\"true\">\n\t\t\t\t\t<div class=\"e-con-inner\">\n\t\t<div class=\"elementor-element elementor-element-1ae0343 e-flex e-con-boxed e-con e-child\" data-id=\"1ae0343\" data-element_type=\"container\" data-settings=\"{&quot;content_width&quot;:&quot;boxed&quot;}\">\n\t\t\t\t\t<div class=\"e-con-inner\">\n\t\t\t\t<div class=\"elementor-element elementor-element-d6e5f3f elementor-view-default elementor-widget elementor-widget-icon\" data-id=\"d6e5f3f\" data-element_type=\"widget\" data-widget_type=\"icon.default\">\n\t\t\t\t<div class=\"elementor-widget-container\">\n\t\t\t\t\t<div class=\"elementor-icon-wrapper\">\n\t\t\t<div class=\"elementor-icon\">\n\t\t\t<svg aria-hidden=\"true\" class=\"e-font-icon-svg e-fas-bullseye\" viewbox=\"0 0 496 512\" xmlns=\"http:\/\/www.w3.org\/2000\/svg\"><path d=\"M248 8C111.03 8 0 119.03 0 256s111.03 248 248 248 248-111.03 248-248S384.97 8 248 8zm0 432c-101.69 0-184-82.29-184-184 0-101.69 82.29-184 184-184 101.69 0 184 82.29 184 184 0 101.69-82.29 184-184 184zm0-312c-70.69 0-128 57.31-128 128s57.31 128 128 128 128-57.31 128-128-57.31-128-128-128zm0 192c-35.29 0-64-28.71-64-64s28.71-64 64-64 64 28.71 64 64-28.71 64-64 64z\"><\/path><\/svg>\t\t\t<\/div>\n\t\t<\/div>\n\t\t\t\t<\/div>\n\t\t\t\t<\/div>\n\t\t\t\t<div class=\"elementor-element elementor-element-2a2721f elementor-widget elementor-widget-heading\" data-id=\"2a2721f\" data-element_type=\"widget\" data-widget_type=\"heading.default\">\n\t\t\t\t<div class=\"elementor-widget-container\">\n\t\t\t<h1 class=\"elementor-heading-title elementor-size-default\">Objectives the CDIR-Health<\/h1>\t\t<\/div>\n\t\t\t\t<\/div>\n\t\t\t\t<div class=\"elementor-element elementor-element-5434687 elementor-widget elementor-widget-text-editor\" data-id=\"5434687\" data-element_type=\"widget\" data-widget_type=\"text-editor.default\">\n\t\t\t\t<div class=\"elementor-widget-container\">\n\t\t\t\t\t\t\t\t<div class=\"elementor-text-editor elementor-clearfix\">\n\t\t\t\t<p>The aim of the CDIR health is \u201cto contribute to ensuring the Right to health and the guatemalans, promoting citizen participation by means of the exercise of citizen monitoring of the right to health in the services of the public system of the country\u201d.<\/p><p>For the CDIR HEALTH and citizen oversight of the health services, it is an exercise that seeks to empower citizens through their participation in the monitoring of public policies and health services. Perform monitoring and control of the health services is a form of exercising the right to health.\u00a0<\/p>\t\t\t\t\t<\/div>\n\t\t\t\t\t\t<\/div>\n\t\t\t\t<\/div>\n\t\t\t\t<div class=\"elementor-element elementor-element-3d442e8 elementor-widget elementor-widget-wgl-image-layers\" data-id=\"3d442e8\" data-element_type=\"widget\" data-widget_type=\"wgl-image-layers.default\">\n\t\t\t\t<div class=\"elementor-widget-container\">\n\t\t\t<div class=\"wgl-image-layers\"><div class=\"img-layer_image-wrapper slide_left\" style=\"z-index: 1\">\n                <div class=\"img-layer_item\" style=\"transform: translate(0%, 0%);\">\n                    <div class=\"img-layer_image\" style=\"transition: all 800ms; transition-delay: 600ms;\">\n                        <img decoding=\"async\" src=\"https:\/\/redcsalud.org.gt\/wp-content\/uploads\/2024\/01\/nuestro-objetivo-redc-salud.png\" alt=\"nuestro-objetivo-redc-salud\" \/>\n                    <\/div>\n                <\/div>\n            <\/div> <\/div>\t\t<\/div>\n\t\t\t\t<\/div>\n\t\t\t\t\t<\/div>\n\t\t\t\t<\/div>\n\t\t\t\t\t<\/div>\n\t\t\t\t<\/div>\n\t\t<div class=\"elementor-element elementor-element-7ae5f43 e-flex e-con-boxed e-con e-parent\" data-id=\"7ae5f43\" data-element_type=\"container\" data-settings=\"{&quot;content_width&quot;:&quot;boxed&quot;}\" data-core-v316-plus=\"true\">\n\t\t\t\t\t<div class=\"e-con-inner\">\n\t\t<div class=\"elementor-element elementor-element-81112e0 e-flex e-con-boxed e-con e-child\" data-id=\"81112e0\" data-element_type=\"container\" data-settings=\"{&quot;content_width&quot;:&quot;boxed&quot;}\">\n\t\t\t\t\t<div class=\"e-con-inner\">\n\t\t\t\t<div class=\"elementor-element elementor-element-e5b6973 elementor-align-center elementor-widget elementor-widget-button\" data-id=\"e5b6973\" data-element_type=\"widget\" data-widget_type=\"button.default\">\n\t\t\t\t<div class=\"elementor-widget-container\">\n\t\t\t\t\t<div class=\"elementor-button-wrapper\">\n\t\t\t<a class=\"elementor-button elementor-button-link elementor-size-sm\" href=\"https:\/\/redcsalud.org.gt\/en\/quienes-somos\/\">\n\t\t\t\t\t\t<span class=\"elementor-button-content-wrapper\">\n\t\t\t\t\t\t<span class=\"elementor-button-text\">Back to Who We Are<\/span>\n\t\t<\/span>\n\t\t\t\t\t<\/a>\n\t\t<\/div>\n\t\t\t\t<\/div>\n\t\t\t\t<\/div>\n\t\t\t\t\t<\/div>\n\t\t\t\t<\/div>\n\t\t\t\t\t<\/div>\n\t\t\t\t<\/div>\n\t\t\t\t\t\t\t\t\t<\/div>\n\t\t\t<\/div>\n\t\t\t\t\t<\/div>","protected":false},"excerpt":{"rendered":"<p>Objetivos de la REDC-Salud El objetivo de la REDC salud es \u201ccontribuir a\u00a0 garantizar el Derecho a la salud de las y los guatemaltecos, promoviendo la participaci\u00f3n ciudadana por medio de la realizaci\u00f3n de ejercicios de vigilancia ciudadana del derecho a la salud en los servicios del sistema p\u00fablico del pa\u00eds\u201d. Para la REDC-SALUD la [&hellip;]<\/p>","protected":false},"author":3,"featured_media":0,"parent":0,"menu_order":0,"comment_status":"closed","ping_status":"closed","template":"","meta":{"footnotes":""},"class_list":["post-2504","page","type-page","status-publish","hentry"],"_links":{"self":[{"href":"https:\/\/redcsalud.org.gt\/en\/wp-json\/wp\/v2\/pages\/2504","targetHints":{"allow":["GET"]}}],"collection":[{"href":"https:\/\/redcsalud.org.gt\/en\/wp-json\/wp\/v2\/pages"}],"about":[{"href":"https:\/\/redcsalud.org.gt\/en\/wp-json\/wp\/v2\/types\/page"}],"author":[{"embeddable":true,"href":"https:\/\/redcsalud.org.gt\/en\/wp-json\/wp\/v2\/users\/3"}],"replies":[{"embeddable":true,"href":"https:\/\/redcsalud.org.gt\/en\/wp-json\/wp\/v2\/comments?post=2504"}],"version-history":[{"count":23,"href":"https:\/\/redcsalud.org.gt\/en\/wp-json\/wp\/v2\/pages\/2504\/revisions"}],"predecessor-version":[{"id":2549,"href":"https:\/\/redcsalud.org.gt\/en\/wp-json\/wp\/v2\/pages\/2504\/revisions\/2549"}],"wp:attachment":[{"href":"https:\/\/redcsalud.org.gt\/en\/wp-json\/wp\/v2\/media?parent=2504"}],"curies":[{"name":"wp","href":"https:\/\/api.w.org\/{rel}","templated":true}]}}