{"id":2602,"date":"2024-01-10T18:14:47","date_gmt":"2024-01-11T00:14:47","guid":{"rendered":"https:\/\/vigilanciaysalud.org\/?page_id=2602"},"modified":"2024-01-10T18:42:23","modified_gmt":"2024-01-11T00:42:23","slug":"presencia-de-la-redc-salud-guatemala","status":"publish","type":"page","link":"https:\/\/redcsalud.org.gt\/en\/presencia-de-la-redc-salud-guatemala\/","title":{"rendered":"The presence of the CDIR Health-Guatemala"},"content":{"rendered":"<div data-elementor-type=\"wp-page\" data-elementor-id=\"2602\" class=\"elementor elementor-2602\">\n\t\t\t\t\t\t<div class=\"elementor-inner\">\n\t\t\t\t<div class=\"elementor-section-wrap\">\n\t\t\t\t\t\t\t<div class=\"elementor-element elementor-element-9ee5419 e-flex e-con-boxed e-con e-parent\" data-id=\"9ee5419\" data-element_type=\"container\" data-settings=\"{&quot;content_width&quot;:&quot;boxed&quot;}\" data-core-v316-plus=\"true\">\n\t\t\t\t\t<div class=\"e-con-inner\">\n\t\t<div class=\"elementor-element elementor-element-1ae0343 e-flex e-con-boxed e-con e-child\" data-id=\"1ae0343\" data-element_type=\"container\" data-settings=\"{&quot;content_width&quot;:&quot;boxed&quot;}\">\n\t\t\t\t\t<div class=\"e-con-inner\">\n\t\t\t\t<div class=\"elementor-element elementor-element-d6e5f3f elementor-view-default elementor-widget elementor-widget-icon\" data-id=\"d6e5f3f\" data-element_type=\"widget\" data-widget_type=\"icon.default\">\n\t\t\t\t<div class=\"elementor-widget-container\">\n\t\t\t\t\t<div class=\"elementor-icon-wrapper\">\n\t\t\t<div class=\"elementor-icon\">\n\t\t\t<svg aria-hidden=\"true\" class=\"e-font-icon-svg e-fas-map-marker-alt\" viewbox=\"0 0 384 512\" xmlns=\"http:\/\/www.w3.org\/2000\/svg\"><path d=\"M172.268 501.67C26.97 291.031 0 269.413 0 192 0 85.961 85.961 0 192 0s192 85.961 192 192c0 77.413-26.97 99.031-172.268 309.67-9.535 13.774-29.93 13.773-39.464 0zM192 272c44.183 0 80-35.817 80-80s-35.817-80-80-80-80 35.817-80 80 35.817 80 80 80z\"><\/path><\/svg>\t\t\t<\/div>\n\t\t<\/div>\n\t\t\t\t<\/div>\n\t\t\t\t<\/div>\n\t\t\t\t<div class=\"elementor-element elementor-element-2a2721f elementor-widget elementor-widget-heading\" data-id=\"2a2721f\" data-element_type=\"widget\" data-widget_type=\"heading.default\">\n\t\t\t\t<div class=\"elementor-widget-container\">\n\t\t\t<h1 class=\"elementor-heading-title elementor-size-default\">The presence of the CDIR-Health<\/h1>\t\t<\/div>\n\t\t\t\t<\/div>\n\t\t\t\t<div class=\"elementor-element elementor-element-5434687 elementor-widget elementor-widget-text-editor\" data-id=\"5434687\" data-element_type=\"widget\" data-widget_type=\"text-editor.default\">\n\t\t\t\t<div class=\"elementor-widget-container\">\n\t\t\t\t\t\t\t\t<div class=\"elementor-text-editor elementor-clearfix\">\n\t\t\t\t<p>The REDCSALUD has a presence in 31 municipalities of 5 departments in the country-Quich\u00e9, Alta Verapaz, Huehuetenango, Solol\u00e1 and Totonicap\u00e1n, departments of the country with the largest presence of indigenous population.\u00a0<\/p>\t\t\t\t\t<\/div>\n\t\t\t\t\t\t<\/div>\n\t\t\t\t<\/div>\n\t\t\t\t<div class=\"elementor-element elementor-element-3d442e8 elementor-widget elementor-widget-wgl-image-layers\" data-id=\"3d442e8\" data-element_type=\"widget\" data-widget_type=\"wgl-image-layers.default\">\n\t\t\t\t<div class=\"elementor-widget-container\">\n\t\t\t<div class=\"wgl-image-layers\"><div class=\"img-layer_image-wrapper slide_left\" style=\"z-index: 1\">\n                <div class=\"img-layer_item\" style=\"transform: translate(0%, 0%);\">\n                    <div class=\"img-layer_image\" style=\"transition: all 800ms; transition-delay: 600ms;\">\n                        <img decoding=\"async\" src=\"https:\/\/redcsalud.org.gt\/wp-content\/uploads\/2024\/01\/redc-salud-en-5-departamentos-de-guatemala.png\" alt=\"redc-salud-en-5-departamentos-de-guatemala\" \/>\n                    <\/div>\n                <\/div>\n            <\/div> <\/div>\t\t<\/div>\n\t\t\t\t<\/div>\n\t\t\t\t\t<\/div>\n\t\t\t\t<\/div>\n\t\t\t\t\t<\/div>\n\t\t\t\t<\/div>\n\t\t<div class=\"elementor-element elementor-element-7ae5f43 e-flex e-con-boxed e-con e-parent\" data-id=\"7ae5f43\" data-element_type=\"container\" data-settings=\"{&quot;content_width&quot;:&quot;boxed&quot;}\" data-core-v316-plus=\"true\">\n\t\t\t\t\t<div class=\"e-con-inner\">\n\t\t<div class=\"elementor-element elementor-element-81112e0 e-flex e-con-boxed e-con e-child\" data-id=\"81112e0\" data-element_type=\"container\" data-settings=\"{&quot;content_width&quot;:&quot;boxed&quot;}\">\n\t\t\t\t\t<div class=\"e-con-inner\">\n\t\t\t\t<div class=\"elementor-element elementor-element-e5b6973 elementor-align-center elementor-widget elementor-widget-button\" data-id=\"e5b6973\" data-element_type=\"widget\" data-widget_type=\"button.default\">\n\t\t\t\t<div class=\"elementor-widget-container\">\n\t\t\t\t\t<div class=\"elementor-button-wrapper\">\n\t\t\t<a class=\"elementor-button elementor-button-link elementor-size-sm\" href=\"https:\/\/redcsalud.org.gt\/en\/quienes-somos\/\">\n\t\t\t\t\t\t<span class=\"elementor-button-content-wrapper\">\n\t\t\t\t\t\t<span class=\"elementor-button-text\">Back to Who We Are<\/span>\n\t\t<\/span>\n\t\t\t\t\t<\/a>\n\t\t<\/div>\n\t\t\t\t<\/div>\n\t\t\t\t<\/div>\n\t\t\t\t\t<\/div>\n\t\t\t\t<\/div>\n\t\t\t\t\t<\/div>\n\t\t\t\t<\/div>\n\t\t\t\t\t\t\t\t\t<\/div>\n\t\t\t<\/div>\n\t\t\t\t\t<\/div>","protected":false},"excerpt":{"rendered":"<p>Presencia de la REDC-Salud La REDCSALUD tiene presencia en 31 municipios de 5 departamentos del pa\u00eds: Quich\u00e9, Alta Verapaz, Huehuetenango, Solol\u00e1 y Totonicap\u00e1n, departamentos del pa\u00eds con mayor presencia de poblaci\u00f3n ind\u00edgena.\u00a0 Volver a \u00bfQui\u00e9nes somos?<\/p>","protected":false},"author":3,"featured_media":0,"parent":0,"menu_order":0,"comment_status":"closed","ping_status":"closed","template":"","meta":{"footnotes":""},"class_list":["post-2602","page","type-page","status-publish","hentry"],"_links":{"self":[{"href":"https:\/\/redcsalud.org.gt\/en\/wp-json\/wp\/v2\/pages\/2602","targetHints":{"allow":["GET"]}}],"collection":[{"href":"https:\/\/redcsalud.org.gt\/en\/wp-json\/wp\/v2\/pages"}],"about":[{"href":"https:\/\/redcsalud.org.gt\/en\/wp-json\/wp\/v2\/types\/page"}],"author":[{"embeddable":true,"href":"https:\/\/redcsalud.org.gt\/en\/wp-json\/wp\/v2\/users\/3"}],"replies":[{"embeddable":true,"href":"https:\/\/redcsalud.org.gt\/en\/wp-json\/wp\/v2\/comments?post=2602"}],"version-history":[{"count":7,"href":"https:\/\/redcsalud.org.gt\/en\/wp-json\/wp\/v2\/pages\/2602\/revisions"}],"predecessor-version":[{"id":2611,"href":"https:\/\/redcsalud.org.gt\/en\/wp-json\/wp\/v2\/pages\/2602\/revisions\/2611"}],"wp:attachment":[{"href":"https:\/\/redcsalud.org.gt\/en\/wp-json\/wp\/v2\/media?parent=2602"}],"curies":[{"name":"wp","href":"https:\/\/api.w.org\/{rel}","templated":true}]}}